{"id":627,"date":"2024-04-25T14:02:52","date_gmt":"2024-04-25T13:02:52","guid":{"rendered":"https:\/\/ampaceiplasantacruz.es\/?page_id=627"},"modified":"2024-04-25T14:14:04","modified_gmt":"2024-04-25T13:14:04","slug":"donde-escuchar-radio-ready-santa-cruz","status":"publish","type":"page","link":"https:\/\/ampaceiplasantacruz.es\/index.php\/donde-escuchar-radio-ready-santa-cruz\/","title":{"rendered":"Donde escuchar RADIO READY Santa Cruz"},"content":{"rendered":"\n<p class=\"has-medium-font-size\">\u00a1Sintoniza la emocionante programaci\u00f3n de <strong>Radio Ready Santa Cruz<\/strong> desde cualquier lugar y dispositivo! Puedes disfrutar de nuestra radio en tu m\u00f3vil, tanto en dispositivos iOS como Android, a trav\u00e9s de la web del centro o la web del AMPA, e incluso mediante tu dispositivo Alexa. Aqu\u00ed te mostramos c\u00f3mo:<\/p>\n\n\n<div class=\"wp-block-image\">\n<figure class=\"aligncenter size-full is-resized\"><img loading=\"lazy\" decoding=\"async\" width=\"1024\" height=\"1024\" src=\"https:\/\/ampaceiplasantacruz.es\/wp-content\/uploads\/2024\/04\/radio_ready_santa_cruz_como_escucharlo.jpeg\" alt=\"\" class=\"wp-image-633\" style=\"width:450px\" srcset=\"https:\/\/ampaceiplasantacruz.es\/wp-content\/uploads\/2024\/04\/radio_ready_santa_cruz_como_escucharlo.jpeg 1024w, https:\/\/ampaceiplasantacruz.es\/wp-content\/uploads\/2024\/04\/radio_ready_santa_cruz_como_escucharlo-300x300.jpeg 300w, https:\/\/ampaceiplasantacruz.es\/wp-content\/uploads\/2024\/04\/radio_ready_santa_cruz_como_escucharlo-150x150.jpeg 150w, https:\/\/ampaceiplasantacruz.es\/wp-content\/uploads\/2024\/04\/radio_ready_santa_cruz_como_escucharlo-768x768.jpeg 768w\" sizes=\"auto, (max-width: 1024px) 100vw, 1024px\" \/><\/figure>\n<\/div>\n\n\n<ol class=\"wp-block-list\">\n<li class=\"has-medium-font-size\"><strong>M\u00f3vil (iOS y Android):<\/strong><br>Descarga e instala la aplicaci\u00f3n Zeno Radio desde la App Store (iOS) o Google Play Store (Android). Busca &#8216;Radio Ready Santa Cruz&#8217; dentro de la aplicaci\u00f3n y comienza a disfrutar de nuestra programaci\u00f3n en vivo.<br><br>Gu\u00eda paso a paso: <a href=\"https:\/\/ampaceiplasantacruz.es\/index.php\/2024\/04\/25\/escucha-radio-ready-santa-cruz-con-tu-movil-guia-paso-a-paso\/\">Escucha Radio Ready Santa Cruz con tu M\u00f3vil<\/a><br><\/li>\n\n\n\n<li class=\"has-medium-font-size\"><strong>Web del Centro o del AMPA:<\/strong><br>Accede a la p\u00e1gina web oficial del centro educativo o del AMPA desde tu navegador web en cualquier dispositivo. Busca el enlace a la secci\u00f3n de la radio o a la transmisi\u00f3n en vivo y haz clic para comenzar a escuchar.<br><br>Gu\u00eda paso a paso: <a href=\"https:\/\/ampaceiplasantacruz.es\/index.php\/2024\/04\/25\/escucha-radio-ready-santa-cruz-con-tu-ordenador-guia-paso-a-paso\/\">Escucha Radio Ready Santa Cruz con tu Ordenador<\/a><br><\/li>\n\n\n\n<li class=\"has-medium-font-size\"><strong>Alexa:<\/strong><br>Si tienes un dispositivo Alexa, simplemente habilita la habilidad de Radio Ready Santa Cruz desde la tienda de habilidades de Amazon. Luego, solo necesitas decir: \u00abAlexa, reproduce Radio Ready Santa Cruz\u00bb para comenzar a disfrutar de nuestra programaci\u00f3n.<br><br>Gu\u00eda paso a paso: <a href=\"https:\/\/ampaceiplasantacruz.es\/index.php\/2024\/04\/25\/escucha-radio-ready-santa-cruz-con-tu-alexa-guia-paso-a-paso\/\">Escucha Radio Ready Santa Cruz con tu Alexa<\/a><br><\/li>\n<\/ol>\n\n\n\n<p class=\"has-medium-font-size\">\u00a1No importa d\u00f3nde est\u00e9s o qu\u00e9 dispositivo uses, siempre podr\u00e1s estar conectado con <strong>Radio Ready Santa Cruz<\/strong> para disfrutar de la mejor m\u00fasica y entretenimiento!<\/p>\n","protected":false},"excerpt":{"rendered":"<p>\u00a1Sintoniza la emocionante programaci\u00f3n de Radio Ready Santa Cruz desde cualquier lugar y dispositivo! Puedes disfrutar de nuestra radio en tu m\u00f3vil, tanto en dispositivos iOS como Android, a trav\u00e9s de la web del centro o la web del AMPA, e incluso mediante tu dispositivo Alexa. Aqu\u00ed te mostramos c\u00f3mo: \u00a1No importa d\u00f3nde est\u00e9s o [&hellip;]<\/p>\n","protected":false},"author":1,"featured_media":0,"parent":0,"menu_order":0,"comment_status":"closed","ping_status":"closed","template":"","meta":{"episode_type":"","audio_file":"","cover_image":"","cover_image_id":"","duration":"","filesize":"","date_recorded":"","explicit":"","block":"","itunes_episode_number":"","itunes_title":"","itunes_season_number":"","itunes_episode_type":"","filesize_raw":"","footnotes":""},"class_list":["post-627","page","type-page","status-publish","hentry","post"],"_links":{"self":[{"href":"https:\/\/ampaceiplasantacruz.es\/index.php\/wp-json\/wp\/v2\/pages\/627","targetHints":{"allow":["GET"]}}],"collection":[{"href":"https:\/\/ampaceiplasantacruz.es\/index.php\/wp-json\/wp\/v2\/pages"}],"about":[{"href":"https:\/\/ampaceiplasantacruz.es\/index.php\/wp-json\/wp\/v2\/types\/page"}],"author":[{"embeddable":true,"href":"https:\/\/ampaceiplasantacruz.es\/index.php\/wp-json\/wp\/v2\/users\/1"}],"replies":[{"embeddable":true,"href":"https:\/\/ampaceiplasantacruz.es\/index.php\/wp-json\/wp\/v2\/comments?post=627"}],"version-history":[{"count":4,"href":"https:\/\/ampaceiplasantacruz.es\/index.php\/wp-json\/wp\/v2\/pages\/627\/revisions"}],"predecessor-version":[{"id":634,"href":"https:\/\/ampaceiplasantacruz.es\/index.php\/wp-json\/wp\/v2\/pages\/627\/revisions\/634"}],"wp:attachment":[{"href":"https:\/\/ampaceiplasantacruz.es\/index.php\/wp-json\/wp\/v2\/media?parent=627"}],"curies":[{"name":"wp","href":"https:\/\/api.w.org\/{rel}","templated":true}]}}