{"id":416,"date":"2023-02-27T19:18:47","date_gmt":"2023-02-27T18:18:47","guid":{"rendered":"https:\/\/ampaceiplasantacruz.es\/?page_id=416"},"modified":"2024-04-25T14:19:52","modified_gmt":"2024-04-25T13:19:52","slug":"inicio","status":"publish","type":"page","link":"https:\/\/ampaceiplasantacruz.es\/","title":{"rendered":""},"content":{"rendered":"<div class=\"wp-block-image\">\n<figure class=\"aligncenter size-large\"><img loading=\"lazy\" decoding=\"async\" width=\"1024\" height=\"768\" src=\"https:\/\/ampaceiplasantacruz.es\/wp-content\/uploads\/2022\/08\/61886371-8108-4751-a03a-74ed9bcc197f-2-1024x768.jpg\" alt=\"\" class=\"wp-image-63\" style=\"object-fit:cover\" srcset=\"https:\/\/ampaceiplasantacruz.es\/wp-content\/uploads\/2022\/08\/61886371-8108-4751-a03a-74ed9bcc197f-2-1024x768.jpg 1024w, https:\/\/ampaceiplasantacruz.es\/wp-content\/uploads\/2022\/08\/61886371-8108-4751-a03a-74ed9bcc197f-2-300x225.jpg 300w, https:\/\/ampaceiplasantacruz.es\/wp-content\/uploads\/2022\/08\/61886371-8108-4751-a03a-74ed9bcc197f-2-768x576.jpg 768w, https:\/\/ampaceiplasantacruz.es\/wp-content\/uploads\/2022\/08\/61886371-8108-4751-a03a-74ed9bcc197f-2-1536x1152.jpg 1536w, https:\/\/ampaceiplasantacruz.es\/wp-content\/uploads\/2022\/08\/61886371-8108-4751-a03a-74ed9bcc197f-2-1200x900.jpg 1200w, https:\/\/ampaceiplasantacruz.es\/wp-content\/uploads\/2022\/08\/61886371-8108-4751-a03a-74ed9bcc197f-2.jpg 2048w\" sizes=\"auto, (max-width: 1024px) 100vw, 1024px\" \/><\/figure>\n<\/div>\n\n\n<hr class=\"wp-block-separator aligncenter has-alpha-channel-opacity is-style-dots\"\/>\n\n\n\n<p class=\"has-medium-font-size\">La Asociaci\u00f3n de Madres y Padres (AMPA) del C.E.I.P. La Santa Cruz es un grupo comprometido de padres y madres que se dedica activamente a enriquecer la educaci\u00f3n de nuestros hijos e hijas. Nos esforzamos por formar parte activa de la Comunidad Educativa y mantener una estrecha colaboraci\u00f3n con la direcci\u00f3n del colegio.<\/p>\n\n\n\n<p class=\"has-medium-font-size\">Nuestra AMPA organiza una amplia variedad de actividades y propone iniciativas destinadas a mejorar y complementar la formaci\u00f3n de nuestros hijos, tanto en el \u00e1mbito acad\u00e9mico como en el desarrollo de habilidades sociales.<\/p>\n\n\n\n<p class=\"has-medium-font-size\">La participaci\u00f3n de las familias como socios de la AMPA es fundamental para llevar a cabo estas iniciativas en el centro educativo. Cada muestra de apoyo que brindamos al colegio repercute positivamente en la experiencia educativa de nuestros hijos. Juntos, podemos marcar la diferencia y construir un entorno educativo enriquecedor para todos. \u00a1\u00danete a nosotros y s\u00e9 parte del cambio!<\/p>\n\n\n\n<hr class=\"wp-block-separator aligncenter has-alpha-channel-opacity is-style-dots\"\/>\n\n\n\n<center><iframe loading=\"lazy\" width=\"560\" height=\"315\" src=\"https:\/\/www.youtube.com\/embed\/-jYfjy2LNYg?enablejsapi=1&amp;showinfo=0\" title=\"YouTube video player\" frameborder=\"0\" allow=\"accelerometer; autoplay; clipboard-write; encrypted-media; gyroscope; picture-in-picture; web-share\" allowfullscreen=\"\"><\/iframe><\/center>\n\n\n\n<hr class=\"wp-block-separator has-alpha-channel-opacity is-style-dots\"\/>\n\n\n\n<p class=\"has-text-align-center has-black-color has-text-color has-medium-font-size\" style=\"font-style:normal;font-weight:400\">Comisiones de participaci\u00f3n de la AMPA<\/p>\n\n\n\n<p class=\"has-medium-font-size\" style=\"font-style:normal;font-weight:400\">Las comisiones de trabajo son espacios abiertos a la participaci\u00f3n activa de todos los socios y socias. Est\u00e1n compuestas por madres y padres de la asociaci\u00f3n que se unen para abordar diversas inquietudes con el objetivo de mejorar nuestra escuela. Coordinados por miembros de la Junta Directiva, estas comisiones se estructurar\u00e1n en Grupos de Trabajo y Voluntariado, colaborando de manera transversal con diferentes \u00e1reas y comit\u00e9s.<\/p>\n","protected":false},"excerpt":{"rendered":"<p>La Asociaci\u00f3n de Madres y Padres (AMPA) del C.E.I.P. La Santa Cruz es un grupo comprometido de padres y madres que se dedica activamente a enriquecer la educaci\u00f3n de nuestros hijos e hijas. Nos esforzamos por formar parte activa de la Comunidad Educativa y mantener una estrecha colaboraci\u00f3n con la direcci\u00f3n del colegio. Nuestra AMPA [&hellip;]<\/p>\n","protected":false},"author":1,"featured_media":0,"parent":0,"menu_order":0,"comment_status":"closed","ping_status":"closed","template":"","meta":{"episode_type":"","audio_file":"","cover_image":"","cover_image_id":"","duration":"","filesize":"","date_recorded":"","explicit":"","block":"","itunes_episode_number":"","itunes_title":"","itunes_season_number":"","itunes_episode_type":"","filesize_raw":"","footnotes":""},"class_list":["post-416","page","type-page","status-publish","hentry","post"],"_links":{"self":[{"href":"https:\/\/ampaceiplasantacruz.es\/index.php\/wp-json\/wp\/v2\/pages\/416","targetHints":{"allow":["GET"]}}],"collection":[{"href":"https:\/\/ampaceiplasantacruz.es\/index.php\/wp-json\/wp\/v2\/pages"}],"about":[{"href":"https:\/\/ampaceiplasantacruz.es\/index.php\/wp-json\/wp\/v2\/types\/page"}],"author":[{"embeddable":true,"href":"https:\/\/ampaceiplasantacruz.es\/index.php\/wp-json\/wp\/v2\/users\/1"}],"replies":[{"embeddable":true,"href":"https:\/\/ampaceiplasantacruz.es\/index.php\/wp-json\/wp\/v2\/comments?post=416"}],"version-history":[{"count":22,"href":"https:\/\/ampaceiplasantacruz.es\/index.php\/wp-json\/wp\/v2\/pages\/416\/revisions"}],"predecessor-version":[{"id":639,"href":"https:\/\/ampaceiplasantacruz.es\/index.php\/wp-json\/wp\/v2\/pages\/416\/revisions\/639"}],"wp:attachment":[{"href":"https:\/\/ampaceiplasantacruz.es\/index.php\/wp-json\/wp\/v2\/media?parent=416"}],"curies":[{"name":"wp","href":"https:\/\/api.w.org\/{rel}","templated":true}]}}