{"id":366,"date":"2023-02-10T11:59:47","date_gmt":"2023-02-10T10:59:47","guid":{"rendered":"https:\/\/ampaceiplasantacruz.es\/?page_id=366"},"modified":"2023-02-24T13:24:15","modified_gmt":"2023-02-24T12:24:15","slug":"ventajas-por-ser-del-ampa","status":"publish","type":"page","link":"https:\/\/ampaceiplasantacruz.es\/index.php\/ventajas-por-ser-del-ampa\/","title":{"rendered":"Ventajas por ser del AMPA"},"content":{"rendered":"\n<p>El carnet familiar digital del AMPA ser\u00e1 v\u00e1lido durante el curso escolar. Ser\u00e1 requisito indispensable mostrarlo junto al DNI para poder acceder a las diferentes ofertas y servicios en promoci\u00f3n.<\/p>\n\n\n\n<p>El Carnet familiar digital de asociado, es el \u00fanico elemento acreditativo de pertenencia a la AMPA. Paulatinamente iremos incorporando nuevos servicios y ventajas exclusivas a nuestras familias asociadas.<\/p>\n\n\n\n<p><strong>Servicios del Carnet de Socio<\/strong><\/p>\n\n\n\n<ul class=\"wp-block-list\">\n<li>Identificaci\u00f3n del Socio mediante datos personales y n\u00famero de asociado.<\/li>\n\n\n\n<li><strong>Acceso a Servicios AMPA, a precios m\u00e1s ventajosos.<\/strong><\/li>\n\n\n\n<li>Descuentos en Comercios Asociados.<\/li>\n<\/ul>\n\n\n\n<p>Lo puedes solicitar desde este este aqu\u00ed:<\/p>\n\n\n\n<p><a href=\"https:\/\/ampaceiplasantacruz.es\/ampa\/carnet\/\">Solicita tu Carnet familiar digital del AMPA CEIP La Santa Cruz<\/a><\/p>\n","protected":false},"excerpt":{"rendered":"<p>El carnet familiar digital del AMPA ser\u00e1 v\u00e1lido durante el curso escolar. Ser\u00e1 requisito indispensable mostrarlo junto al DNI para poder acceder a las diferentes ofertas y servicios en promoci\u00f3n. El Carnet familiar digital de asociado, es el \u00fanico elemento acreditativo de pertenencia a la AMPA. Paulatinamente iremos incorporando nuevos servicios y ventajas exclusivas a [&hellip;]<\/p>\n","protected":false},"author":1,"featured_media":0,"parent":0,"menu_order":0,"comment_status":"closed","ping_status":"closed","template":"","meta":{"episode_type":"","audio_file":"","cover_image":"","cover_image_id":"","duration":"","filesize":"","date_recorded":"","explicit":"","block":"","itunes_episode_number":"","itunes_title":"","itunes_season_number":"","itunes_episode_type":"","filesize_raw":"","footnotes":""},"class_list":["post-366","page","type-page","status-publish","hentry","post"],"_links":{"self":[{"href":"https:\/\/ampaceiplasantacruz.es\/index.php\/wp-json\/wp\/v2\/pages\/366","targetHints":{"allow":["GET"]}}],"collection":[{"href":"https:\/\/ampaceiplasantacruz.es\/index.php\/wp-json\/wp\/v2\/pages"}],"about":[{"href":"https:\/\/ampaceiplasantacruz.es\/index.php\/wp-json\/wp\/v2\/types\/page"}],"author":[{"embeddable":true,"href":"https:\/\/ampaceiplasantacruz.es\/index.php\/wp-json\/wp\/v2\/users\/1"}],"replies":[{"embeddable":true,"href":"https:\/\/ampaceiplasantacruz.es\/index.php\/wp-json\/wp\/v2\/comments?post=366"}],"version-history":[{"count":3,"href":"https:\/\/ampaceiplasantacruz.es\/index.php\/wp-json\/wp\/v2\/pages\/366\/revisions"}],"predecessor-version":[{"id":404,"href":"https:\/\/ampaceiplasantacruz.es\/index.php\/wp-json\/wp\/v2\/pages\/366\/revisions\/404"}],"wp:attachment":[{"href":"https:\/\/ampaceiplasantacruz.es\/index.php\/wp-json\/wp\/v2\/media?parent=366"}],"curies":[{"name":"wp","href":"https:\/\/api.w.org\/{rel}","templated":true}]}}